  {"id":18192,"date":"2012-10-15T09:14:12","date_gmt":"2012-10-15T14:14:12","guid":{"rendered":"http:\/\/www.augsburg.edu\/?page_id=18192"},"modified":"2025-08-28T20:28:30","modified_gmt":"2025-08-28T20:28:30","slug":"health-insurance","status":"publish","type":"page","link":"https:\/\/www.augsburg.edu\/isss\/exchange-students-j-1-visa\/health-insurance\/","title":{"rendered":"Health Insurance"},"content":{"rendered":"<header class=\"entry-header\">\n<p class=\"entry-title\"><strong style=\"color: #404040; font-family: sans-serif; font-size: 14px;\">Students must be enrolled in a health insurance plan for their entire stay in the U.S., including school break periods.<\/strong><\/p>\n<\/header>\n<div class=\"entry-content\">\n<p>All international students (both F-1 and J-1 visa holders) are required to have ADEQUATE health insurance for the duration of their academic program at Augsburg University and every day they are in the United States as an international student.<\/p>\n<p>We encourage all students to carry their health insurance card and be aware of your options if you\u00a0<strong>BEFORE<\/strong>\u00a0you get sick or in case of an emergency.<\/p>\n<p>The following minimum level of health insurance during the visa period is required:<\/p>\n<ul>\n<li>Medical benefits of\u00a0at least\u00a0$100,000 per accident or illness<\/li>\n<li>Repatriation of remains in the amount of $25,000<\/li>\n<li>Expenses associated with the medical evacuation of the exchange visitor to his or her home country in the amount of $50,000<\/li>\n<li>A deductible not to exceed $500 per accident or illness<\/li>\n<\/ul>\n<hr \/>\n<h3>ENROLLMENT \u2013 NEW PLAN and PROVIDER<img loading=\"lazy\" decoding=\"async\" class=\" wp-image-25450 alignleft\" src=\"https:\/\/www.augsburg.edu\/isss\/wp-content\/uploads\/sites\/83\/2023\/08\/LewerMark-1024x256.png\" sizes=\"auto, (max-width: 460px) 100vw, 460px\" srcset=\"https:\/\/www.augsburg.edu\/isss\/wp-content\/uploads\/sites\/83\/2023\/08\/LewerMark-1024x256.png 1024w, https:\/\/www.augsburg.edu\/isss\/wp-content\/uploads\/sites\/83\/2023\/08\/LewerMark-300x75.png 300w, https:\/\/www.augsburg.edu\/isss\/wp-content\/uploads\/sites\/83\/2023\/08\/LewerMark-768x192.png 768w, https:\/\/www.augsburg.edu\/isss\/wp-content\/uploads\/sites\/83\/2023\/08\/LewerMark-1536x384.png 1536w, https:\/\/www.augsburg.edu\/isss\/wp-content\/uploads\/sites\/83\/2023\/08\/LewerMark.png 2023w\" alt=\"\" width=\"460\" height=\"115\" \/><\/h3>\n<p>EXCITING NEWS: We are switching our health insurance provider to\u00a0<strong>LewerMark<\/strong>\u00a0to support our international students better.<\/p>\n<p><strong>LewerMark\u00a0<\/strong>offers cheaper monthly premiums and have a large and strong network in Minnesota (with the Aetna Network).<\/p>\n<p><strong><a href=\"https:\/\/drive.google.com\/file\/d\/1NAJcDhVdlsi5L9DDiz10JcmsZO02EX6x\/view?usp=sharing\">Welcome to the LewerMark Family.\u00a0<\/a><\/strong><\/p>\n<p>&nbsp;<\/p>\n<p><img loading=\"lazy\" decoding=\"async\" class=\" wp-image-25499 alignright\" src=\"https:\/\/www.augsburg.edu\/isss\/wp-content\/uploads\/sites\/83\/2023\/09\/Screen-Shot-2023-09-07-at-9.53.01-AM.png\" alt=\"\" width=\"233\" height=\"77\" \/><\/p>\n<p>Important to NOTICE: LewerMark is our Insurance PROVIDER, and AETNA is our HEALTHCARE NETWORK.<\/p>\n<p>You will see the \u201caetna\u201d logo on your insurance card.<\/p>\n<hr \/>\n<h3>Health Insurance Starts September 1, 2025<\/h3>\n<p>The monthly cost for the 2023\/2024 Academic School year is as follows:<\/p>\n<p>For F-1 and J-1 Participants (single):\u00a0 \u00a0 \u00a0 \u00a0 \u00a0\u00a0<strong>\u00a0$172.09<\/strong><\/p>\n<p>For students with dependents:\u00a0 \u00a0 \u00a0 \u00a0 \u00a0 \u00a0 \u00a0 \u00a0 \u00a0 \u00a0 \u00a0contact LewerMark to create an individual plan:<strong>\u00a0<a href=\"mailto&#58;&#101;&#110;&#114;&#111;&#108;&#108;&#x6d;&#x65;&#x6e;&#x74;&#x73;&#x40;&#x6c;&#x65;&#x77;&#x65;&#x72;&#x2e;com\">&#x65;&#x6e;&#x72;&#x6f;&#x6c;&#x6c;&#x6d;&#x65;&#x6e;&#x74;&#x73;&#x40;&#x6c;&#x65;&#x77;&#x65;&#x72;&#x2e;&#x63;&#x6f;&#x6d;<\/a><\/strong><\/p>\n<p>We advise you to take time to read what is included in your health plan coverage.\u00a0<strong>What does the plan cover?\u00a0<\/strong><\/p>\n<p><strong>Here is the plan: <a href=\"https:\/\/drive.google.com\/file\/d\/1srsw9hqurswDYJ8XrSEBfOAqZVpiPQpG\/view\">Plan Brochure 2025-2026<\/a>\u00a0<\/strong><\/p>\n<hr \/>\n<h3>Health Insurance Enrollment Form<\/h3>\n<p><strong>ALL STUDENTS HAVE TO REGISTER FOR FALL 2025:\u00a0\u00a0<a href=\"https:\/\/docs.google.com\/forms\/d\/e\/1FAIpQLSe_B13rgpGR68KN4QShTK0aSm3Z2gzCmbezAy5XGd46F4UG2A\/viewform?usp=sharing&amp;ouid=109701190663582073463\">SUBMIT THE ENROLLMENT FORM<\/a><\/strong><\/p>\n<p>You HAVE to fill out this form:<\/p>\n<ul>\n<li>If you are enrolling with LewerMark health insurance (OPT students too).<\/li>\n<li>If you are asking for a waiver (opt-out).<\/li>\n<li>If you have insurance from your home country.<\/li>\n<li>If you have dependents (spouse, child\/children).<\/li>\n<li>If you are an athlete and need a different policy.<\/li>\n<li>If you are on OPT and your employment covers health insurance.<\/li>\n<\/ul>\n<hr \/>\n<h3>Video Tutorial with LewerMark Representative<img loading=\"lazy\" decoding=\"async\" class=\" wp-image-25511 alignright\" src=\"https:\/\/www.augsburg.edu\/isss\/wp-content\/uploads\/sites\/83\/2023\/09\/Screen-Shot-2023-09-07-at-10.11.46-AM.png\" alt=\"\" width=\"129\" height=\"94\" \/><\/h3>\n<p>Please view the\u00a0<strong>video tutorials listed below<\/strong>. They will give you great tips on how to set up\/navigate your account, find providers \u201cin-network,\u201d understand the free options, receive knowledge about TelaDoc, and more.<\/p>\n<p><a href=\"https:\/\/drive.google.com\/file\/d\/1d-Ym67J1_WYEo7U5F25bxkWIvvLHN6v1\/view?usp=sharing\">Create your Account<\/a><\/p>\n<p><a href=\"https:\/\/drive.google.com\/file\/d\/1FxzKEEnmgAAG583qdJSb6JovREl1P_8u\/view?usp=sharing\">Download Your ID card<\/a><\/p>\n<p><a href=\"https:\/\/drive.google.com\/file\/d\/1gjZXF968FMAEAz3-_8IW-TKiNKQ6QaSo\/view?usp=sharing\">Find a Doctor<\/a><\/p>\n<hr \/>\n<h3>Login to Your Account<\/h3>\n<p><img loading=\"lazy\" decoding=\"async\" class=\" wp-image-25439 alignright\" src=\"https:\/\/www.augsburg.edu\/isss\/wp-content\/uploads\/sites\/83\/2023\/08\/Screen-Shot-2023-08-15-at-9.54.15-PM.png\" sizes=\"auto, (max-width: 264px) 100vw, 264px\" srcset=\"https:\/\/www.augsburg.edu\/isss\/wp-content\/uploads\/sites\/83\/2023\/08\/Screen-Shot-2023-08-15-at-9.54.15-PM.png 500w, https:\/\/www.augsburg.edu\/isss\/wp-content\/uploads\/sites\/83\/2023\/08\/Screen-Shot-2023-08-15-at-9.54.15-PM-300x91.png 300w\" alt=\"\" width=\"264\" height=\"80\" \/>Visit the<a href=\"https:\/\/www.lewermark.com\/school-detail\/?SID=augsburg\">\u00a0LewerMark Website created for Augsburg students.<\/a>\u00a0The signing-in steps<strong>, including creating your own password<\/strong>\u00a0is an easy process. NOTE: LewerMark will add a \u201c0\u201d to your student ID because they operate with more digits. So if your student ID is 40012345 (8 digits), it will automatically populate and add the number \u201c0\u201d\u00a0<strong>before\u00a0<\/strong>your number and show up as follows: 040012345.<\/p>\n<p>Make sure you download your insurance card and save it in an easy accessible place. It is important that you have it with you at all times!<\/p>\n<hr \/>\n<h3>TelaDoc \u2013 Healthcare at Your Fingertips \u00a0<img loading=\"lazy\" decoding=\"async\" class=\" wp-image-25434 alignright\" src=\"https:\/\/www.augsburg.edu\/isss\/wp-content\/uploads\/sites\/83\/2023\/08\/Screen-Shot-2023-08-15-at-9.19.28-PM.png\" alt=\"\" width=\"137\" height=\"123\" \/><\/h3>\n<p>Speak to a licensed doctor by web, phone or mobile app in minutes.<\/p>\n<p>Teladoc does not replace your primary care physician. It is a convenient and affordable option that allows you to talk to a doctor who can diagnose, recommend treatment and prescribe medication, when appropriate, for many of your medical issues.\u00a0<a href=\"https:\/\/www.lewermark.com\/wp-content\/uploads\/2020\/08\/LewerMark-TelaDoc-Flyer_cf.pdf\"><strong>See more information here.<\/strong><\/a><\/p>\n<hr \/>\n<h3>Contact a Mental Health Counselor<img loading=\"lazy\" decoding=\"async\" class=\" wp-image-25435 alignright\" src=\"https:\/\/www.augsburg.edu\/isss\/wp-content\/uploads\/sites\/83\/2023\/08\/Screen-Shot-2023-08-15-at-9.19.18-PM.png\" alt=\"\" width=\"132\" height=\"118\" \/><\/h3>\n<p>Call. Chat. Anytime. Anywhere. Student Support connects students with free, confidential emotional health and wellbeing support conveniently available 24\/7 via the app, telephone and web. This gives instant access at no additional charge for students enrolled in schools that have signed up for Student Support.\u00a0<strong><a href=\"https:\/\/myssp.app\/ca\/home\">See more information here<\/a>.\u00a0<\/strong><\/p>\n<div class=\"column\">\n<hr \/>\n<\/div>\n<h3>Scholastic Emergency Services<img loading=\"lazy\" decoding=\"async\" class=\" wp-image-25437 alignright\" src=\"https:\/\/www.augsburg.edu\/isss\/wp-content\/uploads\/sites\/83\/2023\/08\/Screen-Shot-2023-08-15-at-9.19.38-PM.png\" alt=\"\" width=\"141\" height=\"116\" \/><\/h3>\n<p>Students, staff or parents should contact Scholastic Emergency Services if there is a life-threatening emergency or illness. Scholastic Emergency Services is a service-arranger, not insurance, so please contact them first as they can not reimburse for any services you pay for or use.\u00a0 Scholastic Emergency Services will not pay for services on a reimbursement basis, so you must contact them immediately.\u00a0<strong><a href=\"https:\/\/www.lewermark.com\/scholastic-emergency-services\">See more information here.\u00a0<\/a><\/strong><\/p>\n<hr \/>\n<h3>Contact LewerMark<\/h3>\n<p><strong>Phone: Customer Service:\u00a0 \u00a0 \u00a0 1-<\/strong><b>800-821-7710<\/b><\/p>\n<p><strong>Chat Function:<\/strong>\u00a0 \u00a0 \u00a0 \u00a0 \u00a0 \u00a0 \u00a0 \u00a0 \u00a0 \u00a0 \u00a0 \u00a0\u00a0<strong>\u00a0\u00a0<a href=\"https:\/\/www.lewermark.com\/school-detail\/?SID=augsburg\">On the LewerMark Website<\/a><\/strong><\/p>\n<p><strong>Email: Customer Service<\/strong>: \u00a0\u00a0 \u00a0\u00a0 \u00a0<strong><a href=\"&#109;&#97;&#x69;&#x6c;&#116;&#111;&#x3a;&#x6c;&#101;&#119;&#x65;&#x72;&#109;&#97;&#x72;&#x6b;&#115;&#117;&#x70;&#x70;&#111;&#114;&#x74;&#x40;&#108;&#101;&#x77;&#x65;&#114;&#46;&#x63;&#x6f;&#109;\">l&#101;&#119;&#101;&#x72;&#x6d;&#x61;rk&#115;&#117;&#x70;&#x70;&#x6f;&#x72;t&#64;&#108;&#101;&#x77;&#x65;&#x72;&#x2e;c&#111;&#109;<\/a><\/strong><\/p>\n<hr \/>\n<p>If you have additional questions in regards health insurance, please contact ISSS office at\u00a0<a href=\"&#109;&#x61;i&#x6c;&#x74;&#111;&#x3a;i&#115;&#x73;&#115;&#x40;a&#117;&#x67;s&#x62;u&#114;&#x67;&#46;&#x65;&#x64;&#117;\">&#x69;s&#x73;s&#x40;&#97;&#x75;&#103;s&#x62;u&#x72;&#103;&#x2e;&#101;&#x64;&#117;<\/a>.<\/p>\n<\/div>\n<hr \/>\n<h2>Options for our Exchange Students:<\/h2>\n<h2>Norwegian Exchange Partners<strong><img loading=\"lazy\" decoding=\"async\" class=\"alignright wp-image-24106\" src=\"https:\/\/www.augsburg.edu\/isss\/wp-content\/uploads\/sites\/83\/2021\/01\/Screen-Shot-2021-01-17-at-1.14.57-PM.png\" alt=\"Map of Sandavian with Norway highlighted\" width=\"326\" height=\"221\" srcset=\"https:\/\/www.augsburg.edu\/isss\/wp-content\/uploads\/sites\/83\/2021\/01\/Screen-Shot-2021-01-17-at-1.14.57-PM.png 597w, https:\/\/www.augsburg.edu\/isss\/wp-content\/uploads\/sites\/83\/2021\/01\/Screen-Shot-2021-01-17-at-1.14.57-PM-300x203.png 300w\" sizes=\"auto, (max-width: 326px) 100vw, 326px\" \/><\/strong><\/h2>\n<h3>HELFO<\/h3>\n<p>Norwegian exchange students who are studying in the U.S., and receive student loan funds through L\u00e5nekassen, are automatically covered by the Norwegian national health care. The coverage from HELFO meets the level of health insurance requirements listed above. Each Norwegian student is responsible for understanding this healthcare coverage while studying at Augsburg University.<\/p>\n<p>Please review the<a href=\"https:\/\/www.helsenorge.no\/bo-i-utlandet\/studenter-utenfor-eu-eos\/\">\u00a0information from HELSE NORGE (HELFO)<\/a>\u00a0regarding Norwegian National Healthcare for Norwegian students studying outside of Norway. It is your responsibility to confirm your enrollment in, and that you have an understanding of this insurance before coming to study at Augsburg University.<\/p>\n<p><strong>A message in Norwegian below:\u00a0<\/strong><\/p>\n<p>Dersom du er norsk statsborger og\u00a0f\u00e5r st\u00f8tte fra L\u00e5nekassen for \u00e5 studere i utlandet, vil du automatisk f\u00e5 et dokument\/brev fra HELFO som bekrefter dine helserettigheter utenfor Norge. Dokumentet vil bli sendt til din folkeregistrerte adresse. Studenter uten st\u00f8tte fra L\u00e5nekassen kan s\u00f8ke om frivillig medlemskap og f\u00e5 de samme rettighetene. Husk \u00e5 ta med deg dokumentasjonen du f\u00e5r i posten til USA!<\/p>\n<p>&nbsp;<\/p>\n","protected":false},"excerpt":{"rendered":"<p>Students must be enrolled in a health insurance plan for their entire stay in the U.S., including school break periods. All international students (both F-1 and J-1 visa holders) are required to have ADEQUATE health insurance for the duration of their academic program at Augsburg University and every day they are in the United States &#8230;<\/p>\n","protected":false},"author":5,"featured_media":23897,"parent":24175,"menu_order":3,"comment_status":"closed","ping_status":"closed","template":"page-fullwidth.php","meta":{"footnotes":""},"class_list":["post-18192","page","type-page","status-publish","has-post-thumbnail","hentry"],"_links":{"self":[{"href":"https:\/\/www.augsburg.edu\/isss\/wp-json\/wp\/v2\/pages\/18192","targetHints":{"allow":["GET"]}}],"collection":[{"href":"https:\/\/www.augsburg.edu\/isss\/wp-json\/wp\/v2\/pages"}],"about":[{"href":"https:\/\/www.augsburg.edu\/isss\/wp-json\/wp\/v2\/types\/page"}],"author":[{"embeddable":true,"href":"https:\/\/www.augsburg.edu\/isss\/wp-json\/wp\/v2\/users\/5"}],"replies":[{"embeddable":true,"href":"https:\/\/www.augsburg.edu\/isss\/wp-json\/wp\/v2\/comments?post=18192"}],"version-history":[{"count":69,"href":"https:\/\/www.augsburg.edu\/isss\/wp-json\/wp\/v2\/pages\/18192\/revisions"}],"predecessor-version":[{"id":26006,"href":"https:\/\/www.augsburg.edu\/isss\/wp-json\/wp\/v2\/pages\/18192\/revisions\/26006"}],"up":[{"embeddable":true,"href":"https:\/\/www.augsburg.edu\/isss\/wp-json\/wp\/v2\/pages\/24175"}],"wp:featuredmedia":[{"embeddable":true,"href":"https:\/\/www.augsburg.edu\/isss\/wp-json\/wp\/v2\/media\/23897"}],"wp:attachment":[{"href":"https:\/\/www.augsburg.edu\/isss\/wp-json\/wp\/v2\/media?parent=18192"}],"curies":[{"name":"wp","href":"https:\/\/api.w.org\/{rel}","templated":true}]}}