  {"id":3333,"date":"2012-08-08T12:50:54","date_gmt":"2012-08-08T17:50:54","guid":{"rendered":"http:\/\/www.augsburg.edu\/?page_id=3333"},"modified":"2025-08-29T16:51:04","modified_gmt":"2025-08-29T16:51:04","slug":"twmagazine","status":"publish","type":"page","link":"https:\/\/www.augsburg.edu\/english\/extra\/twmagazine\/","title":{"rendered":"Th\u00f3 Wi\u014b Magazine"},"content":{"rendered":"<p>&nbsp;<\/p>\n<p><strong>Status<\/strong><\/p>\n<p>Commissioned Student Organization<\/p>\n<p><strong>Mission<\/strong><\/p>\n<p>It shall be the purpose of\u00a0Th\u00f3 Wi\u014b Magazine to act as the on-campus literary, visual, and musical arts publication, taking submissions and publishing the works of students and faculty as it has since its origin in 1974.<\/p>\n<p><img loading=\"lazy\" decoding=\"async\" class=\"alignnone wp-image-46978 size-medium\" src=\"https:\/\/www.augsburg.edu\/english\/wp-content\/uploads\/sites\/96\/2021\/11\/1500-300x300.png\" alt=\"\" width=\"300\" height=\"300\" srcset=\"https:\/\/www.augsburg.edu\/english\/wp-content\/uploads\/sites\/96\/2021\/11\/1500-300x300.png 300w, https:\/\/www.augsburg.edu\/english\/wp-content\/uploads\/sites\/96\/2021\/11\/1500-150x150.png 150w, https:\/\/www.augsburg.edu\/english\/wp-content\/uploads\/sites\/96\/2021\/11\/1500-768x768.png 768w, https:\/\/www.augsburg.edu\/english\/wp-content\/uploads\/sites\/96\/2021\/11\/1500-1024x1024.png 1024w, https:\/\/www.augsburg.edu\/english\/wp-content\/uploads\/sites\/96\/2021\/11\/1500.png 1080w\" sizes=\"auto, (max-width: 300px) 100vw, 300px\" \/><\/p>\n<p>Formerly known as Murphy Square, the name of the organization and literary journal has been changed to Th\u00f3 Wi\u014b Magazine. This decision was made by the 2021-2022 school year&#8217;s board in order to distance the organization from the colonial roots of Murphy Square Park and to promote equity and inclusion\u00a0within the publishing industry, starting here at Augsburg University.<\/p>\n<p>\u201cMinnesota, being home to the Dakota people for thousands of years, has many places of power. One of which is located at what is now Indian Mounds Park, which is home to earth mounds that reflect a star constellation honoring Th\u00f3 Wi\u014b. To the Dakh\u00f3ta people, the Blue Star Woman is the entity that sends you to earth. But she is also the first entity you meet when you die. The Dakh\u00f3ta have no heaven or hell, only life and then afterlife. This name honors our local places of power and ancient Dakh\u00f3ta Star knowledge.\u201d \u2014Reuben \u201cKitto\u201d Stately<\/p>\n<p><strong>Officers<\/strong><\/p>\n<p>Lead Editors: Jacey Mismash and Jack Jensen<\/p>\n<p>Managing Editor: Corey Hayden<\/p>\n<p>Layout Editor\/Art Director: Marcia Rowe<\/p>\n<p>Assistant Editor: Sana Wazwaz<\/p>\n<p><strong>Advisor<\/strong><\/p>\n<p>Lindsay Starck<\/p>\n<p><a href=\"https:\/\/twmagazine.submittable.com\/submit\" target=\"_blank\" rel=\"noopener\" data-saferedirecturl=\"https:\/\/www.google.com\/url?q=https:\/\/murphysquare.submittable.com\/submit&amp;source=gmail&amp;ust=1611620028542000&amp;usg=AFQjCNFMe12DSpft9YrPWLlj7rupBo-Avw\">Access our Submittable here<\/a>.<\/p>\n","protected":false},"excerpt":{"rendered":"<p>&nbsp; Status Commissioned Student Organization Mission It shall be the purpose of\u00a0Th\u00f3 Wi\u014b Magazine to act as the on-campus literary, visual, and musical arts publication, taking submissions and publishing the works of students and faculty as it has since its origin in 1974. Formerly known as Murphy Square, the name of the organization and literary &#8230;<\/p>\n","protected":false},"author":46,"featured_media":0,"parent":46838,"menu_order":3,"comment_status":"closed","ping_status":"closed","template":"","meta":{"footnotes":""},"class_list":["post-3333","page","type-page","status-publish","hentry"],"_links":{"self":[{"href":"https:\/\/www.augsburg.edu\/english\/wp-json\/wp\/v2\/pages\/3333","targetHints":{"allow":["GET"]}}],"collection":[{"href":"https:\/\/www.augsburg.edu\/english\/wp-json\/wp\/v2\/pages"}],"about":[{"href":"https:\/\/www.augsburg.edu\/english\/wp-json\/wp\/v2\/types\/page"}],"author":[{"embeddable":true,"href":"https:\/\/www.augsburg.edu\/english\/wp-json\/wp\/v2\/users\/46"}],"replies":[{"embeddable":true,"href":"https:\/\/www.augsburg.edu\/english\/wp-json\/wp\/v2\/comments?post=3333"}],"version-history":[{"count":17,"href":"https:\/\/www.augsburg.edu\/english\/wp-json\/wp\/v2\/pages\/3333\/revisions"}],"predecessor-version":[{"id":47004,"href":"https:\/\/www.augsburg.edu\/english\/wp-json\/wp\/v2\/pages\/3333\/revisions\/47004"}],"up":[{"embeddable":true,"href":"https:\/\/www.augsburg.edu\/english\/wp-json\/wp\/v2\/pages\/46838"}],"wp:attachment":[{"href":"https:\/\/www.augsburg.edu\/english\/wp-json\/wp\/v2\/media?parent=3333"}],"curies":[{"name":"wp","href":"https:\/\/api.w.org\/{rel}","templated":true}]}}